{"id":7892,"date":"2018-08-09T13:43:07","date_gmt":"2018-08-09T13:43:07","guid":{"rendered":"http:\/\/limousinen-service-ulm.de\/?post_type=product&#038;p=7892"},"modified":"2018-12-22T00:17:35","modified_gmt":"2018-12-22T00:17:35","slug":"aktionsangebot-new-york","status":"publish","type":"product","link":"https:\/\/limousinen-service-ulm.de\/?product=aktionsangebot-new-york","title":{"rendered":"Aktionsangebot &#8211; New York"},"content":{"rendered":"<p><strong>NEW YORK<\/strong><\/p>\n<p>Ob Sie ein Junggesselenenabschiedsfeier, Geburtstagfeier, Stadtrundfahrt oder besonderen Anlass plannen, Sie sind richtig bei uns. Unser Pearl-Wei\u00dfe-Limousinen sind Eye-Chatcer und stehen Ihnen gerne zur Verf\u00fcgung.<\/p>\n<p>\u00dcberrasche Sie mit einer Limousine Ihren Gaste oder G\u00e4ste, genie\u00dfen Sie die Fahrt in einer Luxus-Limousine.<\/p>\n<p>Die Getr\u00e4nke stellen wir f\u00fcr Sie extra Kalt und wartet auf Sie.<\/p>\n<p>Ein paar Snapsch\u00fcsse machen wir auch, die den unvergeslichen Tag mit sch\u00f6nen Fotos befestigen.<\/p>\n","protected":false},"excerpt":{"rendered":"<p><strong>AKTIONSANGEBOT &#8211; NEW YORK<\/strong><\/p>\n<p>Das Angebot beinhaltet:<\/p>\n<p>1 Stunde Stadtrundfahrt in einer Super Stretch Limousine in Pearl-Wei\u00df (max. 8 Personen)<br \/>\ninkl. Gratis-Sekt<br \/>\ninkl. Gratis-Profi-Fotoshooting<br \/>\ninkl. Abholung (Radius von 15 km, Ulm)<\/p>\n<p>zum Preis von 149 Euro (Anstatt 189 Euro).<\/p>\n","protected":false},"featured_media":405,"template":"","meta":[],"_links":{"self":[{"href":"https:\/\/limousinen-service-ulm.de\/index.php?rest_route=\/wp\/v2\/product\/7892"}],"collection":[{"href":"https:\/\/limousinen-service-ulm.de\/index.php?rest_route=\/wp\/v2\/product"}],"about":[{"href":"https:\/\/limousinen-service-ulm.de\/index.php?rest_route=\/wp\/v2\/types\/product"}],"wp:featuredmedia":[{"embeddable":true,"href":"https:\/\/limousinen-service-ulm.de\/index.php?rest_route=\/wp\/v2\/media\/405"}],"wp:attachment":[{"href":"https:\/\/limousinen-service-ulm.de\/index.php?rest_route=%2Fwp%2Fv2%2Fmedia&parent=7892"}],"curies":[{"name":"wp","href":"https:\/\/api.w.org\/{rel}","templated":true}]}}