{"id":7800,"date":"2018-08-07T21:51:02","date_gmt":"2018-08-07T21:51:02","guid":{"rendered":"http:\/\/limousinen-service-ulm.de\/?page_id=7800"},"modified":"2018-08-08T21:56:40","modified_gmt":"2018-08-08T21:56:40","slug":"impressum","status":"publish","type":"page","link":"https:\/\/limousinen-service-ulm.de\/?page_id=7800","title":{"rendered":"Impressum"},"content":{"rendered":"<p>[vc_row content_width=&#8220;grid&#8220; disable_margin_on_row=&#8220;no&#8220;][vc_column width=&#8220;1\/2&#8243;][vc_column_text]Impressum gem\u00e4\u00df \u00a7 5 Telemediengesetz (TMG)<\/p>\n<p>&nbsp;<\/p>\n<p>B\u00fcro und Showroom:<\/p>\n<p>Limo Center Neu-Ulm<\/p>\n<p>Pfaffenweg 439<\/p>\n<p>D -89231 Neu-Ulm, Deutschland<\/p>\n<p>\u00d6ffnungszeiten: nur nach vorheriger Terminvereinbarung<\/p>\n<p>&nbsp;<\/p>\n<p>Anbieter:<\/p>\n<p>Levent AYDIN<\/p>\n<p>Limousinen-Service-Ulm<\/p>\n<p>Talfinger Strasse 26<\/p>\n<p>D \u2013 89073 Ulm, Deutschland<\/p>\n<p>\u00d6ffnungszeiten: nur Telefon- und Postdienst<\/p>\n<p>&nbsp;<\/p>\n<p>Kontakt:<\/p>\n<p>24h Service: +49 170 755 11 91<\/p>\n<p>Telefon: +49 731 92 60 99 60<\/p>\n<p>E-Mail: info@Limousinen-Service-Ulm.de | info@LIMO-ULM.de<\/p>\n<p>Website: www.Limousinen-Service-Ulm.de | www.LIMO-ULM.de<\/p>\n<p>&nbsp;<\/p>\n<p>Umsatzsteueridentifikationsnummer:<\/p>\n<p>88107\/15305, Finanzamt Ulm<\/p>\n<p>&nbsp;<\/p>\n<p>Inhaber:<\/p>\n<p>Levent Aydin<\/p>\n<p>Bildquellen \/ -Rechte:<\/p>\n<p>Aydin, Limousinen-Service-Ulm<\/p>\n<p>&nbsp;<\/p>\n<p>Haftungsausschluss<\/p>\n<p>Alle hier angebotenen Angaben, Darstellungen und \u00dcbersichten dienen allein Ihrer Information. Limousinen-Service-Ulm bem\u00fcht sich im Rahmen des Zumutbaren, auf der Website richtige, vollst\u00e4ndige und aktuelle Informationen zur Verf\u00fcgung zu stellen. Sie wurden mit gr\u00f6\u00dfter Sorgfalt zusammengestellt. Eine Haftung oder Gew\u00e4hr f\u00fcr die Aktualit\u00e4t, Richtigkeit und Vollst\u00e4ndigkeit der auf dieser Website bereitgestellten Informationen kann aber nicht \u00fcbernommen werden. F\u00fcr etwaige auf Grund dieses Angebots entstandene direkte oder indirekte Sch\u00e4den wird daher jede Haftung abgelehnt. Der Leser muss damit rechnen, dass jederzeit, ohne vorherige Ank\u00fcndigung, \u00c4nderungen oder Erg\u00e4nzungen der hier bereitgestellten Informationen vorgenommen werden. Gleiches gilt f\u00fcr alle Verbindungen (Links) zu anderen Web-Sites, auf die direkt oder indirekt verwiesen wird und f\u00fcr Verbindungen zu dieser Seite in Web-Seiten Dritter. Limousinen-Service-Ulm ist f\u00fcr Inhalte fremder Seiten, die mit dieser Seite in Verbindung stehen, nicht verantwortlich, insbesondere nicht f\u00fcr \u00c4nderungen anderer Seiten, die nach dem Setzen des Links erfolgt sind. F\u00fcr die Inhalte der verlinkten Seiten ist stets der jeweilige Anbieter oder Betreiber der Seiten verantwortlich. Die verlinkten Seiten wurden zum Zeitpunkt der Verlinkung auf m\u00f6gliche Rechtsverst\u00f6\u00dfe \u00fcberpr\u00fcft. Rechtswidrige Inhalte waren zum Zeitpunkt der Verlinkung nicht erkennbar. Eine permanente inhaltliche Kontrolle der verlinkten Seiten ist jedoch ohne konkrete Anhaltspunkte einer Rechtsverletzung nicht zumutbar. Bei Bekanntwerden von Rechtsverletzungen werden wir derartige Links umgehend entfernen. Informationen sind f\u00fcr Limousinen-Service-Ulm nur verbindlich, wenn diese durch Telefax oder schriftliche Mitteilung per Post worden sind. Die Einbindung von Einzelseiten dieses Webangebotes in eine Rahmenstruktur (Frames) ist nur nach vorheriger schriftlicher Zustimmung zul\u00e4ssig. Verpflichtungen zur Entfernung oder Sperrung der Nutzung von Informationen nach den allgemeinen Gesetzen bleiben hiervon unber\u00fchrt. Eine diesbez\u00fcgliche Haftung ist jedoch erst ab dem Zeitpunkt der Kenntnis einer konkreten Rechtsverletzung m\u00f6glich. Bei Bekanntwerden von entsprechenden Rechtsverletzungen werden wir diese Inhalte umgehend entfernen.<\/p>\n<p>Nutzungsrecht an den Inhalten<\/p>\n<p>Diese Webseiten unterliegen urheber-, marken- und wettbewerbsrechtlichen Schutzrechten. Eine Vervielf\u00e4ltigung, Verbreitung, Bereithaltung zum Abruf oder Online-Zug\u00e4nglichmachung (\u00dcbernahme in andere Webseiten) unserer Webseiten, des Layouts der Webseiten, ihrer Inhalte (Texte, Bilder, Programme) ganz oder teilweise, in ver\u00e4nderter oder unver\u00e4nderter Form ist nur nach vorheriger schriftlicher Zustimmung zul\u00e4ssig. Soweit die Inhalte auf dieser Seite nicht vom Betreiber erstellt wurden, werden die Urheberrechte Dritter beachtet. Insbesondere werden Inhalte Dritter als solche gekennzeichnet. Sollten Sie trotzdem auf eine Urheberrechtsverletzung aufmerksam werden, bitten wir um einen entsprechenden Hinweis. Bei Bekanntwerden von Rechtsverletzungen werden wir derartige Inhalte umgehend entfernen.<\/p>\n<p>Sicherheitshinweis<\/p>\n<p>Alle auf den Seiten angebotenen Downloads wurden mit aktuellen Virenscannern \u00fcberpr\u00fcft. Trotzdem kann nicht ausgeschlossen werden, dass ein Virus nicht erkannt wurde. F\u00fcr etwaige Sch\u00e4den kann Limousinen-Service-Ulm nicht haften. Bitte \u00fcberpr\u00fcfen Sie daher eine Datei vor dem Einsatz mit Ihrer Virenschutz-Software.<\/p>\n<p>Anwendbares Recht, Gerichtsstand<\/p>\n<p>F\u00fcr alle Streitigkeiten aufgrund oder im Zusammenhang mit der Nutzung dieser Website gilt das materielle Recht der Bundesrepublik Deutschland. Ausschlie\u00dflicher Gerichtsstand ist Ulm.[\/vc_column_text][\/vc_column][vc_column width=&#8220;1\/2&#8243;][\/vc_column][\/vc_row]<\/p>\n","protected":false},"excerpt":{"rendered":"<p>[vc_row content_width=&#8220;grid&#8220; disable_margin_on_row=&#8220;no&#8220;][vc_column width=&#8220;1\/2&#8243;][vc_column_text]Impressum gem\u00e4\u00df \u00a7 5 Telemediengesetz (TMG) &nbsp; B\u00fcro und Showroom: Limo Center Neu-Ulm Pfaffenweg 439 D -89231 Neu-Ulm, Deutschland \u00d6ffnungszeiten: nur nach vorheriger Terminvereinbarung &nbsp; Anbieter: Levent AYDIN Limousinen-Service-Ulm Talfinger Strasse 26 D \u2013 89073 Ulm, Deutschland \u00d6ffnungszeiten: nur Telefon- und Postdienst&#8230;<\/p>\n","protected":false},"author":1,"featured_media":0,"parent":0,"menu_order":0,"comment_status":"closed","ping_status":"closed","template":"full-width.php","meta":{"footnotes":""},"_links":{"self":[{"href":"https:\/\/limousinen-service-ulm.de\/index.php?rest_route=\/wp\/v2\/pages\/7800"}],"collection":[{"href":"https:\/\/limousinen-service-ulm.de\/index.php?rest_route=\/wp\/v2\/pages"}],"about":[{"href":"https:\/\/limousinen-service-ulm.de\/index.php?rest_route=\/wp\/v2\/types\/page"}],"author":[{"embeddable":true,"href":"https:\/\/limousinen-service-ulm.de\/index.php?rest_route=\/wp\/v2\/users\/1"}],"replies":[{"embeddable":true,"href":"https:\/\/limousinen-service-ulm.de\/index.php?rest_route=%2Fwp%2Fv2%2Fcomments&post=7800"}],"version-history":[{"count":5,"href":"https:\/\/limousinen-service-ulm.de\/index.php?rest_route=\/wp\/v2\/pages\/7800\/revisions"}],"predecessor-version":[{"id":7859,"href":"https:\/\/limousinen-service-ulm.de\/index.php?rest_route=\/wp\/v2\/pages\/7800\/revisions\/7859"}],"wp:attachment":[{"href":"https:\/\/limousinen-service-ulm.de\/index.php?rest_route=%2Fwp%2Fv2%2Fmedia&parent=7800"}],"curies":[{"name":"wp","href":"https:\/\/api.w.org\/{rel}","templated":true}]}}