{"id":4,"date":"2018-08-01T08:22:36","date_gmt":"2018-08-01T08:22:36","guid":{"rendered":"http:\/\/citycruise.mikado-themes.com\/?page_id=4"},"modified":"2018-08-20T20:22:19","modified_gmt":"2018-08-20T20:22:19","slug":"home","status":"publish","type":"page","link":"https:\/\/limousinen-service-ulm.de\/","title":{"rendered":"Home"},"content":{"rendered":"<p>[vc_row disable_margin_on_row=&#8220;no&#8220;][vc_column][rev_slider_vc alias=&#8220;home-1&#8243;][\/vc_column][\/vc_row][vc_row content_width=&#8220;grid&#8220; content_aligment=&#8220;center&#8220; disable_margin_on_row=&#8220;no&#8220; css=&#8220;.vc_custom_1534796527008{padding-top: 75px !important;padding-bottom: 67px !important;background-image: url(https:\/\/limousinen-service-ulm.de\/wp-content\/uploads\/2016\/10\/h1-back-1.jpg?id=5923) !important;background-position: center !important;background-repeat: no-repeat !important;background-size: cover !important;}&#8220;][vc_column]<div class=\"mkd-st \">\n    <div class=\"mkd-st-inner\">\n        <div class=\"mkd-st-title-holder\">\n            <h2 class=\"mkd-st-title\">\n                <span>AKTIONEN<\/span>\n            <\/h2>\n        <\/div>\n\n        \n            <\/div>\n<\/div>[vc_column_text css_animation=&#8220;bounceInUp&#8220;]<\/p>\n<h5>Hier sind unsere Top Angebote inklusive Aktionspakete<\/h5>\n<p>[\/vc_column_text][vc_empty_space height=&#8220;52px&#8220;][vc_row_inner][vc_column_inner offset=&#8220;vc_col-lg-4 vc_col-md-12&#8243;]<div class=\"mkd-info-box-holder mkd-hide-icon\" data-background_hover_color=rgba(0,0,0,0.3)>\n\n    <div class=\"mkd-info-box-inner\">\n        <div class=\"mkd-ib-front-holder\">\n            <div class=\"mkd-ib-front-holder-inner\">\n                <div class=\"mkd-ib-top-holder\">\n\n                                            <div class=\"mkd-ib-media-holder\">\n                            <img loading=\"lazy\" decoding=\"async\" width=\"90\" height=\"89\" src=\"https:\/\/limousinen-service-ulm.de\/wp-content\/uploads\/2016\/10\/h1-bottle.png\" class=\"attachment-full size-full\" alt=\"s\" \/>                        <\/div><!-- .mkd-ib-media-holder -->\n                    \n                                            <div class=\"mkd-ib-title-holder\">\n                            <h4 class=\"mkd-ib-title\" style=\"color:#ffffff\">HOLLYWOOD <\/h4>\n                        <\/div>\n                    \n                                            <div class=\"mkd-ib-text-holder\">\n                            <p >PINK-LADY-ULM: Super-Stretch-Limousine in PINK f\u00fcr max. 8 Personen 1 Stunde Stadtrundfahrt inkl. Sekt inkl. Fotoshooting.<\/p>\n                        <\/div>\n                    \n                <\/div><!-- .mkd-ib-top-holder -->\n\n                <div class=\"mkd-ib-bottom-holder\">\n                                            <div class=\"mkd-ib-button-holder\">\n                            <a itemprop=\"url\" href=\"https:\/\/limousinen-service-ulm.de\/?page_id=1231\" target=\"_self\"  class=\"mkd-btn mkd-btn-medium mkd-btn-outline\"  >    <span class=\"mkd-btn-text\">ONLINE ANFRAGE<\/span>    <\/a>                        <\/div>\n                                    <\/div><!-- .mkd-ib-bottom-holder -->\n\n            <\/div>\n        <\/div>\n        <div class=\"mkd-ib-overlay\" style=\"background-color: rgba(0,0,0,0.03)\"><\/div>\n        <div class=\"mkd-ib-overlay-image\" style=\"background-image: url(https:\/\/limousinen-service-ulm.de\/wp-content\/uploads\/2016\/10\/Home-1-Info-Box-6.jpg)\"><\/div>\n    <\/div>\n<\/div>[vc_empty_space][\/vc_column_inner][vc_column_inner offset=&#8220;vc_col-lg-4 vc_col-md-12&#8243;]<div class=\"mkd-info-box-holder mkd-hide-icon\" data-background_hover_color=rgba(0,0,0,0.3)>\n\n    <div class=\"mkd-info-box-inner\">\n        <div class=\"mkd-ib-front-holder\">\n            <div class=\"mkd-ib-front-holder-inner\">\n                <div class=\"mkd-ib-top-holder\">\n\n                                            <div class=\"mkd-ib-media-holder\">\n                            <img loading=\"lazy\" decoding=\"async\" width=\"90\" height=\"89\" src=\"https:\/\/limousinen-service-ulm.de\/wp-content\/uploads\/2016\/10\/h1-diamond.png\" class=\"attachment-full size-full\" alt=\"s\" \/>                        <\/div><!-- .mkd-ib-media-holder -->\n                    \n                                            <div class=\"mkd-ib-title-holder\">\n                            <h4 class=\"mkd-ib-title\" style=\"color:#ffffff\">NEW YORK <\/h4>\n                        <\/div>\n                    \n                                            <div class=\"mkd-ib-text-holder\">\n                            <p style=\"color:#cdcdcd\">PEARL-WEI\u00dfE-LIMO: Super-Stretch-Limousine in Pearl-Wei\u00df f\u00fcr max. 8 Personen 1 Stunde Stadtrundfahrt inkl. Sekt inkl. Fotoshooting.<\/p>\n                        <\/div>\n                    \n                <\/div><!-- .mkd-ib-top-holder -->\n\n                <div class=\"mkd-ib-bottom-holder\">\n                                            <div class=\"mkd-ib-button-holder\">\n                            <a itemprop=\"url\" href=\"#\" target=\"_self\"  class=\"mkd-btn mkd-btn-medium mkd-btn-outline\"  >    <span class=\"mkd-btn-text\">ONLINE ANFRAGEN<\/span>    <\/a>                        <\/div>\n                                    <\/div><!-- .mkd-ib-bottom-holder -->\n\n            <\/div>\n        <\/div>\n        <div class=\"mkd-ib-overlay\" style=\"background-color: rgba(0,0,0,0.01)\"><\/div>\n        <div class=\"mkd-ib-overlay-image\" style=\"background-image: url(https:\/\/limousinen-service-ulm.de\/wp-content\/uploads\/2016\/10\/Home-1-Info-Box-4.jpg)\"><\/div>\n    <\/div>\n<\/div>[vc_empty_space][\/vc_column_inner][vc_column_inner offset=&#8220;vc_col-lg-4 vc_col-md-12&#8243;]<div class=\"mkd-info-box-holder mkd-hide-icon\" data-background_hover_color=rgba(0,0,0,0.29)>\n\n    <div class=\"mkd-info-box-inner\">\n        <div class=\"mkd-ib-front-holder\">\n            <div class=\"mkd-ib-front-holder-inner\">\n                <div class=\"mkd-ib-top-holder\">\n\n                                            <div class=\"mkd-ib-media-holder\">\n                            <img loading=\"lazy\" decoding=\"async\" width=\"90\" height=\"89\" src=\"https:\/\/limousinen-service-ulm.de\/wp-content\/uploads\/2016\/10\/h1-ring.png\" class=\"attachment-full size-full\" alt=\"s\" \/>                        <\/div><!-- .mkd-ib-media-holder -->\n                    \n                                            <div class=\"mkd-ib-title-holder\">\n                            <h4 class=\"mkd-ib-title\" style=\"color:#ffffff\">PARIS <\/h4>\n                        <\/div>\n                    \n                                            <div class=\"mkd-ib-text-holder\">\n                            <p style=\"color:#cdcdcd\">HOCHZEITSLIMO IN WEI\u00df: Super-Stretch-Limousine in Wei\u00df f\u00fcr max. 8 Personen inkl. Sekt inkl. Blumenstrau\u00df f\u00fcr die Limousine.<\/p>\n                        <\/div>\n                    \n                <\/div><!-- .mkd-ib-top-holder -->\n\n                <div class=\"mkd-ib-bottom-holder\">\n                                            <div class=\"mkd-ib-button-holder\">\n                            <a itemprop=\"url\" href=\"#\" target=\"_self\"  class=\"mkd-btn mkd-btn-medium mkd-btn-outline\"  >    <span class=\"mkd-btn-text\">ONLINE ANFRAGEN<\/span>    <\/a>                        <\/div>\n                                    <\/div><!-- .mkd-ib-bottom-holder -->\n\n            <\/div>\n        <\/div>\n        <div class=\"mkd-ib-overlay\" style=\"background-color: rgba(0,0,0,0.01)\"><\/div>\n        <div class=\"mkd-ib-overlay-image\" style=\"background-image: url(https:\/\/limousinen-service-ulm.de\/wp-content\/uploads\/2016\/10\/Home-1-Info-Box-1.jpg)\"><\/div>\n    <\/div>\n<\/div>[vc_empty_space][\/vc_column_inner][\/vc_row_inner][\/vc_column][\/vc_row][vc_row row_type=&#8220;parallax&#8220; content_width=&#8220;grid&#8220; full_screen_section_height=&#8220;no&#8220; disable_margin_on_row=&#8220;no&#8220; parallax_background_image=&#8220;5961&#8243;][vc_column]<div class=\"mkd-elements-holder mkd-responsive-mode-1024\" ><div class=\"mkd-elements-holder-item mkd-width-1-2 mkd-vertical-alignment-middle mkd-horizontal-alignment-left\" data-item-class=\"mkd-elements-holder-custom-152308\" >\n    <div class=\"mkd-elements-holder-item-inner\">\n        <div\n            class=\"mkd-elements-holder-item-content mkd-elements-holder-custom-152308\" style=\"padding: 100px 0 100px 0\">\n            <div class=\"mkd-elements-holder-item-content-inner\">\n                    <div class=\"mkd-video-banner-holder mkd-dark\">\n        <a class=\"mkd-video-banner-link\" href=\"https:\/\/www.youtube.com\/watch?v=72SAFdbHDSM\" data-rel=\"prettyPhoto[1947992656]\">\n\n                            <img loading=\"lazy\" decoding=\"async\" width=\"1300\" height=\"731\" src=\"https:\/\/limousinen-service-ulm.de\/wp-content\/uploads\/2018\/08\/Firmenbeschreibung.jpg\" class=\"attachment-full size-full\" alt=\"\" srcset=\"https:\/\/limousinen-service-ulm.de\/wp-content\/uploads\/2018\/08\/Firmenbeschreibung.jpg 1300w, https:\/\/limousinen-service-ulm.de\/wp-content\/uploads\/2018\/08\/Firmenbeschreibung-300x169.jpg 300w, https:\/\/limousinen-service-ulm.de\/wp-content\/uploads\/2018\/08\/Firmenbeschreibung-768x432.jpg 768w, https:\/\/limousinen-service-ulm.de\/wp-content\/uploads\/2018\/08\/Firmenbeschreibung-1024x576.jpg 1024w, https:\/\/limousinen-service-ulm.de\/wp-content\/uploads\/2018\/08\/Firmenbeschreibung-600x337.jpg 600w\" sizes=\"(max-width: 1300px) 100vw, 1300px\" \/>            \n            <div class=\"mkd-video-banner-overlay\">\n                <div class=\"mkd-video-banner-overlay-inner1\">\n                    <div class=\"mkd-video-banner-overlay-inner2\">\n\n                        \n                    \n                <div class=\"mkd-icon-holder\">\n                <\/div><!-- .icon-holder -->\n            <\/div>\n    <\/div>\n    <\/div><!-- .mkd-video-banner-overlay -->\n\n    <\/a>\n    <\/div><!-- .mkd-video-banner-holder -->\n            <\/div>\n        <\/div>\n    <\/div>\n<\/div><div class=\"mkd-elements-holder-item mkd-width-1-2 mkd-vertical-alignment-middle mkd-horizontal-alignment-left\" data-item-class=\"mkd-elements-holder-custom-175306\" data-1024-1280=\"100px 0px 100px 20px \" data-768-1024=\"0px 0px 100px 0px \" data-600-768=\"0px 0px 100px 0px \" >\n    <div class=\"mkd-elements-holder-item-inner\">\n        <div\n            class=\"mkd-elements-holder-item-content mkd-elements-holder-custom-175306\" >\n            <div class=\"mkd-elements-holder-item-content-inner\">\n                <div class=\"mkd-tabs mkd-horizontal-tab equal mkd-tab-transparent mkd-column-3 clearfix\">\n    <ul class=\"mkd-tabs-nav\">\n                    <li>\n            <h6 class=\"mkd-tab-title\">\n            <a href=\"#tab-luxus\">\n                <span class=\"mkd-icon-frame\"><\/span>\n\n                <!--<span class=\"mkd-advanced-tab-text-after-icon\">-->\n                LUXUS                <!--<\/span>-->\n\n            <\/a>\n            <\/h6>\n\n            <\/li>\n                    <li>\n            <h6 class=\"mkd-tab-title\">\n            <a href=\"#tab-komfort\">\n                <span class=\"mkd-icon-frame\"><\/span>\n\n                <!--<span class=\"mkd-advanced-tab-text-after-icon\">-->\n                KOMFORT                <!--<\/span>-->\n\n            <\/a>\n            <\/h6>\n\n            <\/li>\n                    <li>\n            <h6 class=\"mkd-tab-title\">\n            <a href=\"#tab-prestige\">\n                <span class=\"mkd-icon-frame\"><\/span>\n\n                <!--<span class=\"mkd-advanced-tab-text-after-icon\">-->\n                PRESTIGE                <!--<\/span>-->\n\n            <\/a>\n            <\/h6>\n\n            <\/li>\n            <\/ul><!-- .mkd-tabs-nav -->\n\n    \n    <div class=\"mkd-tab-container\" id=\"tab-luxus-332\"  >[vc_column_text]<\/p>\n<h3><span style=\"color: #ffffff;\">LUXUS wird bei uns ganz gro\u00df geschrieben<\/span><\/h3>\n<p><span style=\"color: #ffffff;\">Unsere Limousinen sind f\u00fcr Sie mit dem h\u00f6chsten Luxusstandard ausgestattet. Die modernste Technik und die neueste Ausstattung sind bei allen Limousinen vorhanden. Genie\u00dfen Sie Ihre Fahrt voller Luxus.<\/span><span style=\"color: #ffffff;\"><br \/>\n<\/span>[\/vc_column_text]<\/div><div class=\"mkd-tab-container\" id=\"tab-komfort-904\"  >[vc_column_text]<\/p>\n<h3><span style=\"color: #ffffff;\">KOMFORT besser denn je<\/span><\/h3>\n<p><span style=\"color: #ffffff;\">Um Ihnen die Fahrt best m\u00f6glich komfortabel zu stellen, haben wir f\u00fcr Sie die besten Sitze, beste Komforttechnik ausgesucht und einbauen lassen. <\/span><span style=\"color: #000000;\"><br \/>\n<\/span>[\/vc_column_text]<\/div><div class=\"mkd-tab-container\" id=\"tab-prestige-328\"  >[vc_column_text]<\/p>\n<h3><span style=\"color: #ffffff;\">PRESTIGE <\/span><\/h3>\n<p><span style=\"color: #ffffff;\">Um Ihren Auftritt bestm\u00f6glich zu gestalten ist f\u00fcr uns Prestige ganz wichtig. Unsere Limousinen sind Eye-Catcher und bieten Ihnen einen unvergesslichen Auftritt.<\/span><span style=\"color: #000000;\"><br \/>\n<\/span>[\/vc_column_text]<\/div><\/div>            <\/div>\n        <\/div>\n    <\/div>\n<\/div><\/div>[\/vc_column][\/vc_row][vc_row disable_margin_on_row=&#8220;no&#8220; css=&#8220;.vc_custom_1491813576691{padding-top: 77px !important;padding-right: 2% !important;padding-bottom: 77px !important;padding-left: 2% !important;background-color: #ffffff !important;}&#8220;][vc_column]<div class=\"mkd-clients-carousel-holder clearfix\"><div class=\"mkd-clients-carousel  mkd-owl-shortcode-slider\" data-items=\"5\" data-autoplay=\"3\" data-pause=\"yes\" data-loop=\"yes\" data-navigation=\"no\" data-pagination=\"no\"><div class=\"mkd-clients-carousel-item-holder\">\n                        <span class=\"mkd-clients-carousel-first-image-holder mkd-has-hover-image mkd-image-change\">\n\t\t\t\t<img decoding=\"async\" src=\"https:\/\/limousinen-service-ulm.de\/wp-content\/uploads\/2017\/04\/Clients-1-1.png\" alt=\"C 1\">\n\t\t\t<\/span>\n                            <span class=\"mkd-clients-carousel-second-image-holder mkd-has-hover-image mkd-image-change\">\n\t\t\t\t<img decoding=\"async\" src=\"https:\/\/limousinen-service-ulm.de\/wp-content\/uploads\/2017\/04\/Clients-H1.png\" alt=\"C 1\">\n\t\t\t<\/span>\n                <\/div><div class=\"mkd-clients-carousel-item-holder\">\n                        <span class=\"mkd-clients-carousel-first-image-holder mkd-has-hover-image mkd-image-change\">\n\t\t\t\t<img decoding=\"async\" src=\"https:\/\/limousinen-service-ulm.de\/wp-content\/uploads\/2017\/04\/Clients-2.png\" alt=\"C2\">\n\t\t\t<\/span>\n                            <span class=\"mkd-clients-carousel-second-image-holder mkd-has-hover-image mkd-image-change\">\n\t\t\t\t<img decoding=\"async\" src=\"https:\/\/limousinen-service-ulm.de\/wp-content\/uploads\/2017\/04\/Clients-H2.png\" alt=\"C2\">\n\t\t\t<\/span>\n                <\/div><div class=\"mkd-clients-carousel-item-holder\">\n                        <span class=\"mkd-clients-carousel-first-image-holder mkd-has-hover-image mkd-image-change\">\n\t\t\t\t<img decoding=\"async\" src=\"https:\/\/limousinen-service-ulm.de\/wp-content\/uploads\/2017\/04\/Clients-3.png\" alt=\"C3\">\n\t\t\t<\/span>\n                            <span class=\"mkd-clients-carousel-second-image-holder mkd-has-hover-image mkd-image-change\">\n\t\t\t\t<img decoding=\"async\" src=\"https:\/\/limousinen-service-ulm.de\/wp-content\/uploads\/2017\/04\/Clients-H3.png\" alt=\"C3\">\n\t\t\t<\/span>\n                <\/div><div class=\"mkd-clients-carousel-item-holder\">\n                        <span class=\"mkd-clients-carousel-first-image-holder mkd-has-hover-image mkd-image-change\">\n\t\t\t\t<img decoding=\"async\" src=\"https:\/\/limousinen-service-ulm.de\/wp-content\/uploads\/2017\/04\/Clients-4.png\" alt=\"C4\">\n\t\t\t<\/span>\n                            <span class=\"mkd-clients-carousel-second-image-holder mkd-has-hover-image mkd-image-change\">\n\t\t\t\t<img decoding=\"async\" src=\"https:\/\/limousinen-service-ulm.de\/wp-content\/uploads\/2017\/04\/Clients-H4.png\" alt=\"C4\">\n\t\t\t<\/span>\n                <\/div><div class=\"mkd-clients-carousel-item-holder\">\n                        <span class=\"mkd-clients-carousel-first-image-holder mkd-has-hover-image mkd-image-change\">\n\t\t\t\t<img decoding=\"async\" src=\"https:\/\/limousinen-service-ulm.de\/wp-content\/uploads\/2018\/08\/Clients-H6.jpg\" alt=\"C6\">\n\t\t\t<\/span>\n                            <span class=\"mkd-clients-carousel-second-image-holder mkd-has-hover-image mkd-image-change\">\n\t\t\t\t<img decoding=\"async\" src=\"https:\/\/limousinen-service-ulm.de\/wp-content\/uploads\/2018\/08\/Clients-H6.jpg\" alt=\"C6\">\n\t\t\t<\/span>\n                <\/div><\/div><\/div>[\/vc_column][\/vc_row][vc_row row_type=&#8220;parallax&#8220; content_width=&#8220;grid&#8220; content_aligment=&#8220;center&#8220; full_screen_section_height=&#8220;no&#8220; disable_margin_on_row=&#8220;no&#8220; parallax_background_image=&#8220;6789&#8243; css=&#8220;.vc_custom_1534795290910{padding-top: 88px !important;padding-bottom: 90px !important;}&#8220;][vc_column offset=&#8220;vc_col-lg-offset-3 vc_col-lg-6 vc_col-sm-offset-0&#8243;][vc_column_text]<\/p>\n<h2><span style=\"color: #ff620d;\">Kontaktieren Sie uns:<\/span><\/h2>\n<h4><span style=\"color: #ffffff;\">Telefon: (+49) 731 92609960<\/span><\/h4>\n<h4><span style=\"color: #ffffff;\">WhatsApp: (+49) 170 7551191<\/span><\/h4>\n<p>[\/vc_column_text][vc_empty_space height=&#8220;40px&#8220;]<a href=\"#1478439407\" data-rel=\"prettyPhoto[2140688077]\"\n   class=\"mkd-open-popup-link mkd-btn mkd-btn-large mkd-btn-outline mkd-light mkd-btn-large mkd-btn-outline mkd-light\">\n    Online Anfragen<\/a><div class=\"mkd-popup-booking-form\" id=\"1478439407\">\n    <div class=\"mkd-booking-form\">\n        <div role=\"form\" class=\"wpcf7\" id=\"wpcf7-f6196-o1\" lang=\"en-US\" dir=\"ltr\">\n<div class=\"screen-reader-response\"><\/div>\n<form action=\"\/index.php?rest_route=%2Fwp%2Fv2%2Fpages%2F4#wpcf7-f6196-o1\" method=\"post\" class=\"wpcf7-form\" novalidate=\"novalidate\">\n<div style=\"display: none;\">\n<input type=\"hidden\" name=\"_wpcf7\" value=\"6196\" \/>\n<input type=\"hidden\" name=\"_wpcf7_version\" value=\"5.0.3\" \/>\n<input type=\"hidden\" name=\"_wpcf7_locale\" value=\"en_US\" \/>\n<input type=\"hidden\" name=\"_wpcf7_unit_tag\" value=\"wpcf7-f6196-o1\" \/>\n<input type=\"hidden\" name=\"_wpcf7_container_post\" value=\"0\" \/>\n<\/div>\n<div class=\"mkd-cf7-50-50\">\n<div class=\"mkd-cf7-col-right\">\n\t    <span class=\"wpcf7-form-control-wrap your-sirname\"><input type=\"text\" name=\"your-sirname\" value=\"\" size=\"40\" class=\"wpcf7-form-control wpcf7-text wpcf7-validates-as-required\" aria-required=\"true\" aria-invalid=\"false\" placeholder=\"Vorname\" \/><\/span>\n    <\/div>\n<div class=\"mkd-cf7-col-left\">\n\t    <span class=\"wpcf7-form-control-wrap your-name\"><input type=\"text\" name=\"your-name\" value=\"\" size=\"40\" class=\"wpcf7-form-control wpcf7-text wpcf7-validates-as-required\" aria-required=\"true\" aria-invalid=\"false\" placeholder=\"Name\" \/><\/span>\n    <\/div>\n<\/div>\n<div class=\"mkd-cf7-50-50\">\n<div class=\"mkd-cf7-col-right\">\n\t    <span class=\"wpcf7-form-control-wrap your-email\"><input type=\"text\" name=\"your-email\" value=\"\" size=\"40\" class=\"wpcf7-form-control wpcf7-text wpcf7-validates-as-required\" aria-required=\"true\" aria-invalid=\"false\" placeholder=\"Email\" \/><\/span>\n    <\/div>\n<div class=\"mkd-cf7-col-left\">\n\t    <span class=\"wpcf7-form-control-wrap your-phone\"><input type=\"tel\" name=\"your-phone\" value=\"\" size=\"40\" class=\"wpcf7-form-control wpcf7-text wpcf7-tel wpcf7-validates-as-required wpcf7-validates-as-tel\" aria-required=\"true\" aria-invalid=\"false\" placeholder=\"Handynummer\" \/><\/span>\n    <\/div>\n<\/div>\n<p><span class=\"wpcf7-form-control-wrap Limousinenauswahl\"><select name=\"Limousinenauswahl\" class=\"wpcf7-form-control wpcf7-select wpcf7-validates-as-required\" aria-required=\"true\" aria-invalid=\"false\"><option value=\"Bitte w\u00e4hlen Sie Ihre Limousine aus\">Bitte w\u00e4hlen Sie Ihre Limousine aus<\/option><option value=\"Hummer Super-Stretch-Limousine in Wei\u00df\">Hummer Super-Stretch-Limousine in Wei\u00df<\/option><option value=\"Chrysler Super-Stretch-Limousine in Wei\u00df\">Chrysler Super-Stretch-Limousine in Wei\u00df<\/option><option value=\"Lincoln Super-Stretch-Limousine in Pink\">Lincoln Super-Stretch-Limousine in Pink<\/option><option value=\"Lincoln Super-Stretch-Limousine in Wei\u00df\">Lincoln Super-Stretch-Limousine in Wei\u00df<\/option><option value=\"Lincoln Super-Stretch-Limousine in Schwarz\">Lincoln Super-Stretch-Limousine in Schwarz<\/option><option value=\"Mercedes Limousine\">Mercedes Limousine<\/option><option value=\"Mercedes Vito Business\">Mercedes Vito Business<\/option><\/select><\/span><\/p>\n<p><span class=\"wpcf7-form-control-wrap Leistungsart\"><select name=\"Leistungsart\" class=\"wpcf7-form-control wpcf7-select\" aria-invalid=\"false\"><option value=\"Bitte w\u00e4hlen Sie Ihren Anlass\">Bitte w\u00e4hlen Sie Ihren Anlass<\/option><option value=\"HOCHZEITEN (Traumhochzeit, Hoch.-Junil\u00e4en, Standesamt)\">HOCHZEITEN (Traumhochzeit, Hoch.-Junil\u00e4en, Standesamt)<\/option><option value=\"PARTIES (Jungesel.-Abschied, Geburtstagsfeier, Scheidungsparty)\">PARTIES (Jungesel.-Abschied, Geburtstagsfeier, Scheidungsparty)<\/option><option value=\"BUSINESS (VIP, Shuttle, Promotion)\">BUSINESS (VIP, Shuttle, Promotion)<\/option><option value=\"KIDS&amp;TEENIE (Kindergeburtstag, Abiball, Taufe&amp;Kommunion)\">KIDS&amp;TEENIE (Kindergeburtstag, Abiball, Taufe&amp;Kommunion)<\/option><option value=\"SPECIAL DAY (\u00dcberraschung, Candle-Light-Dinner, Heiratsantrag)\">SPECIAL DAY (\u00dcberraschung, Candle-Light-Dinner, Heiratsantrag)<\/option><option value=\"SHUTTLE (Flughafentransfer, Stadtrundfahrt, Einkaufsbummel)\">SHUTTLE (Flughafentransfer, Stadtrundfahrt, Einkaufsbummel)<\/option><\/select><\/span><\/p>\n<div class=\"mkd-cf7-50-50\">\n<div class=\"mkd-cf7-col-right\">\n\t    <span class=\"wpcf7-form-control-wrap Buchungsdatum\"><input type=\"text\" name=\"Buchungsdatum\" value=\"\" size=\"40\" class=\"wpcf7-form-control wpcf7-text wpcf7-validates-as-required\" aria-required=\"true\" aria-invalid=\"false\" placeholder=\"Buchungsdatum\" \/><\/span>\n    <\/div>\n<div class=\"mkd-cf7-col-left\">\n\t   <span class=\"wpcf7-form-control-wrap BuchungsdauerinStunden\"><input type=\"number\" name=\"BuchungsdauerinStunden\" value=\"\" class=\"wpcf7-form-control wpcf7-number wpcf7-validates-as-number\" min=\"1\" max=\"24\" aria-invalid=\"false\" placeholder=\"Buchungsdauer in Stunden\" \/><\/span><\/p><\/div>\n<\/div>\n<div class=\"mkd-cf7-50-50\">\n<div class=\"mkd-cf7-col-right\">\n\t    <span class=\"wpcf7-form-control-wrap Start-Uhrzeit\"><input type=\"text\" name=\"Start-Uhrzeit\" value=\"\" size=\"40\" class=\"wpcf7-form-control wpcf7-text wpcf7-validates-as-required\" aria-required=\"true\" aria-invalid=\"false\" placeholder=\"Start-Uhrzeit\" \/><\/span>\n    <\/div>\n<div class=\"mkd-cf7-col-left\">\n\t    <span class=\"wpcf7-form-control-wrap Ende-Uhrzeit\"><input type=\"text\" name=\"Ende-Uhrzeit\" value=\"\" size=\"40\" class=\"wpcf7-form-control wpcf7-text wpcf7-validates-as-required\" aria-required=\"true\" aria-invalid=\"false\" placeholder=\"Ende-Uhrzeit\" \/><\/span>\n    <\/div>\n<\/div>\n<div class=\"mkd-cf7-50-50\">\n<div class=\"mkd-cf7-col-right\">\n\t    <span class=\"wpcf7-form-control-wrap Startort\"><input type=\"text\" name=\"Startort\" value=\"\" size=\"40\" class=\"wpcf7-form-control wpcf7-text wpcf7-validates-as-required\" aria-required=\"true\" aria-invalid=\"false\" placeholder=\"Startort\" \/><\/span>\n    <\/div>\n<div class=\"mkd-cf7-col-left\">\n\t    <span class=\"wpcf7-form-control-wrap Zielort\"><input type=\"text\" name=\"Zielort\" value=\"\" size=\"40\" class=\"wpcf7-form-control wpcf7-text wpcf7-validates-as-required\" aria-required=\"true\" aria-invalid=\"false\" placeholder=\"Zielort\" \/><\/span>\n    <\/div>\n<\/div>\n<p><span class=\"wpcf7-form-control-wrap your-message\"><textarea name=\"your-message\" cols=\"40\" rows=\"10\" class=\"wpcf7-form-control wpcf7-textarea\" aria-invalid=\"false\" placeholder=\"Text Nachricht\"><\/textarea><\/span>\t<\/p>\n<div class=\"mkd-cf7-fullwidth-button\">\n<input type=\"submit\" value=\"Senden\" class=\"wpcf7-form-control wpcf7-submit\" \/>\n<\/div>\n<div class=\"wpcf7-response-output wpcf7-display-none\"><\/div><\/form><\/div>    <\/div>\n<\/div>\n[\/vc_column][\/vc_row]<\/p>\n","protected":false},"excerpt":{"rendered":"<p>[vc_row disable_margin_on_row=&#8220;no&#8220;][vc_column][rev_slider_vc alias=&#8220;home-1&#8243;][\/vc_column][\/vc_row][vc_row content_width=&#8220;grid&#8220; content_aligment=&#8220;center&#8220; disable_margin_on_row=&#8220;no&#8220; css=&#8220;.vc_custom_1534796527008{padding-top: 75px !important;padding-bottom: 67px !important;background-image: url(https:\/\/limousinen-service-ulm.de\/wp-content\/uploads\/2016\/10\/h1-back-1.jpg?id=5923) !important;background-position: center !important;background-repeat: no-repeat !important;background-size: cover !important;}&#8220;][vc_column][vc_column_text css_animation=&#8220;bounceInUp&#8220;] Hier sind unsere Top Angebote inklusive Aktionspakete [\/vc_column_text][vc_empty_space height=&#8220;52px&#8220;][vc_row_inner][vc_column_inner offset=&#8220;vc_col-lg-4 vc_col-md-12&#8243;][vc_empty_space][\/vc_column_inner][vc_column_inner offset=&#8220;vc_col-lg-4 vc_col-md-12&#8243;][vc_empty_space][\/vc_column_inner][vc_column_inner offset=&#8220;vc_col-lg-4 vc_col-md-12&#8243;][vc_empty_space][\/vc_column_inner][\/vc_row_inner][\/vc_column][\/vc_row][vc_row row_type=&#8220;parallax&#8220; content_width=&#8220;grid&#8220; full_screen_section_height=&#8220;no&#8220; disable_margin_on_row=&#8220;no&#8220; parallax_background_image=&#8220;5961&#8243;][vc_column][\/vc_column][\/vc_row][vc_row disable_margin_on_row=&#8220;no&#8220; css=&#8220;.vc_custom_1491813576691{padding-top: 77px !important;padding-right: 2%&#8230;<\/p>\n","protected":false},"author":1,"featured_media":0,"parent":0,"menu_order":0,"comment_status":"closed","ping_status":"closed","template":"full-width.php","meta":{"footnotes":""},"_links":{"self":[{"href":"https:\/\/limousinen-service-ulm.de\/index.php?rest_route=\/wp\/v2\/pages\/4"}],"collection":[{"href":"https:\/\/limousinen-service-ulm.de\/index.php?rest_route=\/wp\/v2\/pages"}],"about":[{"href":"https:\/\/limousinen-service-ulm.de\/index.php?rest_route=\/wp\/v2\/types\/page"}],"author":[{"embeddable":true,"href":"https:\/\/limousinen-service-ulm.de\/index.php?rest_route=\/wp\/v2\/users\/1"}],"replies":[{"embeddable":true,"href":"https:\/\/limousinen-service-ulm.de\/index.php?rest_route=%2Fwp%2Fv2%2Fcomments&post=4"}],"version-history":[{"count":71,"href":"https:\/\/limousinen-service-ulm.de\/index.php?rest_route=\/wp\/v2\/pages\/4\/revisions"}],"predecessor-version":[{"id":8093,"href":"https:\/\/limousinen-service-ulm.de\/index.php?rest_route=\/wp\/v2\/pages\/4\/revisions\/8093"}],"wp:attachment":[{"href":"https:\/\/limousinen-service-ulm.de\/index.php?rest_route=%2Fwp%2Fv2%2Fmedia&parent=4"}],"curies":[{"name":"wp","href":"https:\/\/api.w.org\/{rel}","templated":true}]}}