{"id":1133,"date":"2016-10-26T13:41:37","date_gmt":"2016-10-26T13:41:37","guid":{"rendered":"http:\/\/citycruise.mikado-themes.com\/?page_id=1133"},"modified":"2018-08-07T22:08:14","modified_gmt":"2018-08-07T22:08:14","slug":"about-us","status":"publish","type":"page","link":"https:\/\/limousinen-service-ulm.de\/?page_id=1133","title":{"rendered":"\u00dcber uns"},"content":{"rendered":"<p>[vc_row content_width=&#8220;grid&#8220; disable_margin_on_row=&#8220;no&#8220; css=&#8220;.vc_custom_1490264494162{padding-top: 47px !important;padding-bottom: 50px !important;}&#8220;][vc_column offset=&#8220;vc_col-lg-6 vc_col-md-12&#8243;][vc_empty_space height=&#8220;34px&#8220;][vc_single_image image=&#8220;7754&#8243; img_size=&#8220;full&#8220;][vc_single_image image=&#8220;7793&#8243; img_size=&#8220;full&#8220;][vc_empty_space height=&#8220;30px&#8220;][\/vc_column][vc_column offset=&#8220;vc_col-lg-6 vc_col-md-12&#8243;][vc_empty_space height=&#8220;4px&#8220;][vc_column_text]<\/p>\n<h2>The Original<\/h2>\n<p>[\/vc_column_text][vc_column_text]<\/p>\n<h5 style=\"color: #7d7d7d; line-height: 1.55em;\">We drive the finest people in town!<\/h5>\n<p>[\/vc_column_text][vc_empty_space height=&#8220;20px&#8220;][vc_column_text]<\/p>\n<div class=\"wpb_text_column wpb_content_element \">\n<div class=\"wpb_wrapper\">Wir sind ein Pionierunternehmen in Ulm und Umgebung, sowie \u00fcber Regional seit 2001. Durch einen Akademiker seit Jahren erfolgreich gef\u00fchrtes Unternehmen bietet Limousinenservice und Chauffeur-Leistungen f\u00fcr Hochzeiten, Junggeselenabschiede, Geburtstage, VIP Fahrten, Shuttleservice,\u2026 an.<\/div>\n<\/div>\n<div class=\"wpb_text_column wpb_content_element \">\n<div class=\"wpb_wrapper\">\n<p>Wir bieten die modernste Flotte und die gr\u00f6\u00dfte Auswahl an Fahrzeugen in der Region an. Durch die breite Palette von Fahrzeugen und Dienstleistungen m\u00f6chten wir sicherstellen, dass die Fahrt mit Limousinen Service Ulm f\u00fcr alle Kunden ein unvergesslich und sehr zufriedenes Erlebnis wird.\u00a0F\u00fcr uns ist die oberste Priorit\u00e4t die Sicherheit und Privatsph\u00e4re unserer Kunden. Daher m\u00fcssen unsere Chauffeure ein umfangreiches Trainingsprogramm absolvieren.<\/p>\n<p>Lieber ein ORIGINAL als eine billige KOPIE: Die uns eigene Hochzeit anvertraut haben, versuchten uns \u00fcber die Jahre zu kopieren. Ihre Buchung nicht dem Zufall \u00fcberlassen. Als erste Limousinenservice in der Region und nach sehr lange erfolgreiche Jahre, sind Ihre Buchungen bei uns sicher. Unsere St\u00e4rken sind durch Innovation, Zuverl\u00e4ssigkeit und Qualit\u00e4t gekennzeichnet.<\/p>\n<p>Erleben Sie Ulm und Umgebung in ausgelassener Stimmung in einer unserer Super Stretch Limousinen. Wir ziehen das Rampenlicht an und lassen Sie im Mittelpunkt strahlen.\u00a0Wir bieten TOP Leistung zum Best-Preis an. Vereinbaren Sie einfach einen Termin zur Besichtigung mit uns.<\/p>\n<p>F\u00fcr Ihre Fragen oder W\u00fcnsche steht unser freundliches Serviceteam gerne zur Verf\u00fcgung.<\/p>\n<p>Ihr Limousinen Service Ulm Team.<\/p>\n<\/div>\n<\/div>\n<p>[\/vc_column_text][vc_empty_space height=&#8220;27px&#8220;][vc_single_image image=&#8220;6157&#8243; img_size=&#8220;full&#8220;][vc_empty_space height=&#8220;30px&#8220;][\/vc_column][\/vc_row]<\/p>\n","protected":false},"excerpt":{"rendered":"<p>[vc_row content_width=&#8220;grid&#8220; disable_margin_on_row=&#8220;no&#8220; css=&#8220;.vc_custom_1490264494162{padding-top: 47px !important;padding-bottom: 50px !important;}&#8220;][vc_column offset=&#8220;vc_col-lg-6 vc_col-md-12&#8243;][vc_empty_space height=&#8220;34px&#8220;][vc_single_image image=&#8220;7754&#8243; img_size=&#8220;full&#8220;][vc_single_image image=&#8220;7793&#8243; img_size=&#8220;full&#8220;][vc_empty_space height=&#8220;30px&#8220;][\/vc_column][vc_column offset=&#8220;vc_col-lg-6 vc_col-md-12&#8243;][vc_empty_space height=&#8220;4px&#8220;][vc_column_text] The Original [\/vc_column_text][vc_column_text] We drive the finest people in town! [\/vc_column_text][vc_empty_space height=&#8220;20px&#8220;][vc_column_text] Wir sind ein Pionierunternehmen in Ulm und Umgebung, sowie \u00fcber Regional seit 2001. Durch&#8230;<\/p>\n","protected":false},"author":1,"featured_media":0,"parent":0,"menu_order":0,"comment_status":"closed","ping_status":"closed","template":"full-width.php","meta":{"footnotes":""},"_links":{"self":[{"href":"https:\/\/limousinen-service-ulm.de\/index.php?rest_route=\/wp\/v2\/pages\/1133"}],"collection":[{"href":"https:\/\/limousinen-service-ulm.de\/index.php?rest_route=\/wp\/v2\/pages"}],"about":[{"href":"https:\/\/limousinen-service-ulm.de\/index.php?rest_route=\/wp\/v2\/types\/page"}],"author":[{"embeddable":true,"href":"https:\/\/limousinen-service-ulm.de\/index.php?rest_route=\/wp\/v2\/users\/1"}],"replies":[{"embeddable":true,"href":"https:\/\/limousinen-service-ulm.de\/index.php?rest_route=%2Fwp%2Fv2%2Fcomments&post=1133"}],"version-history":[{"count":23,"href":"https:\/\/limousinen-service-ulm.de\/index.php?rest_route=\/wp\/v2\/pages\/1133\/revisions"}],"predecessor-version":[{"id":7790,"href":"https:\/\/limousinen-service-ulm.de\/index.php?rest_route=\/wp\/v2\/pages\/1133\/revisions\/7790"}],"wp:attachment":[{"href":"https:\/\/limousinen-service-ulm.de\/index.php?rest_route=%2Fwp%2Fv2%2Fmedia&parent=1133"}],"curies":[{"name":"wp","href":"https:\/\/api.w.org\/{rel}","templated":true}]}}